{"id":13164,"date":"2018-10-03T14:26:57","date_gmt":"2018-10-03T14:26:57","guid":{"rendered":"https:\/\/www.weddl.it\/it\/?page_id=13164"},"modified":"2022-01-06T14:52:57","modified_gmt":"2022-01-06T14:52:57","slug":"privacy-policy-di-telda-it","status":"publish","type":"page","link":"https:\/\/www.telda.it\/it\/privacy-policy-di-telda-it\/","title":{"rendered":"Privacy Policy di: telda.it"},"content":{"rendered":"<p><strong>INFORMATIVA SUL TRATTAMENTO DEI DATI PERSONALI<\/strong><\/p>\n<p><strong>Ai sensi del Regolamento Europeo n. 679\/2016 e del Decreto Legislativo 196\/2003 cos\u00ec come modificato dal Decreto Legislativo 101\/2018<\/strong><\/p>\n<p>Il Regolamento Europeo n. 679\/2016 GDPR e le leggi di armonizzazione degli Stati Membri, riconoscono ad ogni soggetto la tutela dei propri dati personali che siano oggetto di trattamento da parte di terzi, come espressione del rispetto della dignit\u00e0 umana e dei diritti e libert\u00e0 fondamentali della persona.<\/p>\n<p>Sulla base delle disposizioni delle norme europee ed interne in vigore, il trattamento dei dati personali verr\u00e0 da Telda Srls \u00a0effettuato nel pieno rispetto dei principi di liceit\u00e0, correttezza, pertinenza, proporzionalit\u00e0 e trasparenza e di tutela della riservatezza, in conformit\u00e0 ai requisiti di legge.<\/p>\n<p>Per \u201cDato Personale\u201d si intende qualsiasi informazione riguardante una persona fisica identificata o identificabile; per \u201cInteressato\u201d la persona che fornisce i dati; per \u201cTitolare del trattamento\u201d la persona, fisica o giuridica, che determina le finalit\u00e0 e i mezzi del trattamento di dati personali; per \u201cResponsabile del Trattamento\u201d la persona, fisica o giuridica, che tratta dati per conto del titolare; per \u201cDestinatario\u201d la persona, fisica o giuridica, l\u2019autorit\u00e0 pubblica, il servizio o altro organismo che riceve comunicazione di dati personali.<\/p>\n<p><strong>Titolare del trattamento dei dati<\/strong><\/p>\n<p>Telda Srls, con sede legale in Roma, via Nizza, 45,\u00a0 PIVA e C.F. 15272181007, contattabile alle seguenti caselle mail privacy@telda.it e al numero di telefono 06 45557452, agisce in qualit\u00e0 di Titolare del Trattamento.<\/p>\n<p><strong>Finalit\u00e0<\/strong> del trattamento:<\/p>\n<p>I dati vengono acquisiti per le seguenti finalit\u00e0 del trattamento:<\/p>\n<ol>\n<li>Navigazione sui siti web, compresa la compilazione dei moduli (form) ivi presenti, agli indirizzi:\n<ol>\n<li>telda.it<\/li>\n<\/ol>\n<\/li>\n<li>Contatto con l\u2019utente in fase contrattuale e precontrattuale finalizzato all\u2019erogazione dei servizi di comunicazione ed editoria;<\/li>\n<li>Gestione amministrativa, contabile, legale del rapporto negoziale con il cliente;<\/li>\n<li>Primo contatto con il candidato e, successivamente, la gestione amministrativa, previdenziale e manageriale del rapporto di lavoro;<\/li>\n<li>Elaborazione di statistiche, in forma anonimizzata;<\/li>\n<li>Eventuali adempimenti o obblighi di legge;<\/li>\n<li>Comunicazione informativa, promozionale e commerciale di iniziative o contenuti attraverso registrazione alla newsletter; tali comunicazioni possono essere effettuate con modalit\u00e0 automatizzate (via e-mail, via sms\/MMS) o tradizionali (via fax, attraverso posta cartacea e\/o l\u2019uso del telefono con operatore). Tale attivit\u00e0 implica anche la dimensione di analisi e reportistica connessa ai sistemi di comunicazione promozionale, come ad esempio, il rilevamento del numero delle e-mail aperte, dei click effettuati sui link presenti all\u2019interno della comunicazione, la tipologia del dispositivo utilizzato per leggere la comunicazione ed il relativo sistema operativo. Per le finalit\u00e0 promozionali qui descritte il Titolare raccoglie un unico consenso fermo restando il diritto dell\u2019interessato ad opporsi al trattamento, eseguito con i mezzi indicati, in qualunque momento, attraverso richiesta scritta indirizzata alla casella mail privacy@telda.it<\/li>\n<li>Profilazione basata su caratteristiche geografiche o comportamenti conseguenti a scelte effettuate sul sito, finalizzata esclusivamente a confezionare comunicazioni mirate, attraverso algoritmi e logiche non invasive, quali la definizione in aggregato di macrocategorie, senza invece adottare criteri di integrazione dati penetranti e di dettaglio (cd. profilazione \u201cincrociata\u201d), e limitando i tempi di conservazione dei dati a 12 mesi, fatta salva la possibilit\u00e0, per l\u2019utente, di revocare il consenso anche prima.<\/li>\n<\/ol>\n<p><strong>\u00a0<\/strong><\/p>\n<p><strong>Basi giuridiche <\/strong><\/p>\n<p>Il fondamento di liceit\u00e0 del trattamento per le finalit\u00e0 ai punti <strong>1, 2, 3, 4, 5<\/strong>\u00a0 afferisce all\u2019adempimento del contratto di cui l\u2019interessato \u00e8 parte (o all\u2019esecuzione di misure precontrattuali adottate su richiesta dello stesso \u2013 art. 6.1.b GDPR) e, ove applicabile, al legittimo interesse del titolare alla gestione dei contenziosi (art. 6.1.f GDPR); per le finalit\u00e0 al punto <strong>6, <\/strong>la base giuridica \u00e8 l\u2019obbligo di legge (art. 6.1.c GDPR); il fondamento di liceit\u00e0 per le finalit\u00e0 ai punti<strong> \u00a07, 8 \u00a0<\/strong>\u00e8 \u00a0il consenso esplicito dell\u2019interessato da esercitare, nel caso di minori che non abbiamo compiuto 14 anni, da un genitore oppure da un esercente la responsabilit\u00e0 genitoriale.<\/p>\n<p>In caso di curricula spontaneamente inviati dall\u2019interessato alla casella mail presente sul sito, cos\u00ec come disposto dal D. Lgs. n. 101\/2018, l\u2019informativa all\u2019interessato, ai sensi dell\u2019art. 13 del Regolamento Europeo 2016\/679, verr\u00e0 resa al primo contatto utile successivo.<\/p>\n<p>I dati personali trattati sono i seguenti<\/p>\n<ul>\n<li>dati anagrafici (nome, cognome,numero di telefono, indirizzo mail).<\/li>\n<li>dati inviati attraverso l\u2019interazione con social network e piattaforme esterne (Facebook, Vimeo, Youtube), qualora l\u2019interessato abbia rilasciato attraverso il banner del sito specifico consenso preliminare;<\/li>\n<li>dati di utilizzo del sito, acquisiti automaticamente dalla piattaforma, come ad esempio gli indirizzi IP, i nomi di dominio in entrata verso il sito, gli indirizzi delle risorse richieste, l\u2019orario della richiesta, il metodo utilizzato nel sottoporre la richiesta al server, la dimensione del file ottenuto, etc. Tali dati vengono vengono memorizzati nei server dell\u2019hosting provider e vengono trattati in modalit\u00e0 anonimizzata, per elaborare statistiche aggregate sull\u2019uso dell\u2019applicativo, per monitorarne il corretto funzionamento, e per l\u2019eventuale accertamento di responsabilit\u00e0 in caso di ipotetici reati informatici ai danni del sito;<\/li>\n<li>immagini dei fruitori dei locali videosorvegliati nella sede del titolare;<\/li>\n<li>Cookie: I siti utilizzano stringhe di testo di piccole dimensioni che vengono inviati al browser dell\u2019utente per essere poi ritrasmessi agli stessi siti mittenti alla successiva visita del medesimo utente, e gestirne l\u2019autenticazione e il profilo di accesso. Nel corso della navigazione, l\u2019utente pu\u00f2 ricevere sul suo terminale anche cookie inviati da siti o da web server diversi (chiamati \u201cterze parti\u201d), sui quali possono risiedere alcuni elementi (immagini, mappe, link, etc.) presenti sul sito che l\u2019utente sta visitando. L\u2019utente al primo accesso ha la possibilit\u00e0 di dare un consenso selettivo all\u2019 installazione o meno dei cookie disponibili in base ad una Cookie Policy, contenente tutte le informazioni rilevanti per prendere una decisione consapevole.<\/li>\n<\/ul>\n<p><strong>Modalit\u00e0 del Trattamento<\/strong><\/p>\n<p>I dati suddetti sono trattati attraverso le seguenti <strong>modalit\u00e0:<\/strong><\/p>\n<ul>\n<li>trattamento attraverso sistemi informativi e informatici, senza l\u2019impiego di algoritmi con caratteristiche di profilazione, qualora l\u2019interessato non abbia rilasciato specifico consenso;<\/li>\n<\/ul>\n<p>I dati sono trattati presso le sedi operative di Telda Srls; in qualche caso, per motivi tecnici, potrebbero essere archiviati in server localizzati in un paese fuori dall\u2019Unione Europea, purch\u00e8 ritenuto adeguato a garantire il rispetto dei principi sanciti dal Regolamento da una decisione della Commissione Europea.<\/p>\n<p><strong>Periodo di conservazione dei dati<\/strong><\/p>\n<p>I dati saranno conservati per tutto il tempo necessario a garantire l\u2019erogazione dei servizi e il rispetto della normativa fiscale, civilistica e di gestione dei contenziosi.<\/p>\n<p>I dati acquisiti per le finalit\u00e0 ai punti <strong>7, 8<\/strong> vengono mantenuti per 24 mesi, fatta salva la possibilit\u00e0 per l\u2019interessato di revocare il proprio consenso anche prima.<\/p>\n<p><strong>Natura del conferimento dei dati <\/strong><\/p>\n<p>Il conferimento dei dati oggetto di trattamento \u00e8 facoltativo ma il mancato, inesatto conferimento, anche parziale, dei dati ai punti 1, 2, 3, 4, 5 e 6, da parte dell\u2019interessato comporta l\u2019impossibilit\u00e0 per il titolare di erogare e, per l\u2019interessato, di fruire, i servizi e i prodotti.<\/p>\n<p>Il conferimento dei dati di navigazione, compresi al punto 1, \u00e8 implicito nell\u2019uso dei protocolli di comunicazione tramite Internet.<\/p>\n<p>Il conferimento dei dati ai punti 7, 8 \u00e8 assolutamente facoltativo e non pregiudica in alcun modo l\u2019adempimento del contratto o l\u2019accessibilit\u00e0 del servizio.<\/p>\n<p><strong>Categorie di destinatari cui i dati possono essere comunicati<\/strong><\/p>\n<p>I dati personali non sono diffusi.<\/p>\n<p>I dati sono trattati da operatori interni autorizzati dal Titolare, ai sensi dell\u2019art 29 del Regolamento Europeo 679\/2016 o Responsabili appositamente nominati ai sensi dell\u2019art. 28 dello stesso Regolamento, nel rispetto di misure tecnico-organizzative idonee a garantire la <strong>sicurezza<\/strong> del trattamento e il rispetto del quadro normativo vigente.<\/p>\n<p>Solo se espressamente necessario e pertinente alle finalit\u00e0 di cui sopra, i dati possono essere comunicati a:<\/p>\n<ul>\n<li>Liberi professionisti e consulenti, nei limiti strettamente necessari per svolgere gli incarichi loro affidati, in qualit\u00e0 di destinatari o responsabili ai sensi art. 28 GDPR;<\/li>\n<li>Soggetti esterni, al fine di svolgere attivit\u00e0 ausiliarie come, ad es. fornitori di servizi tecnici terzi, corrieri postali, banche, poste, hosting provider, societ\u00e0 informatiche, nella qualit\u00e0 di destinatari o Responsabili del<\/li>\n<li>Soggetti esterni partner, sponsor od organizzatori delle attivit\u00e0 (o eventi) organizzati dal Titolare, in qualit\u00e0 di Titolari autonomi, previo consenso alla comunicazione.<\/li>\n<\/ul>\n<p>L\u2019elenco aggiornato dei Responsabili \u00e8 disponibile presso il Titolare del Trattamento.<\/p>\n<p>Se richiesto da un obbligo di legge o per finalit\u00e0 di polizia, volte alla repressione dei reati, i dati personali possono essere comunicati ad enti pubblici o all\u2019autorit\u00e0 giudiziaria.<\/p>\n<p><strong>Modalit\u00e0 di esercizio dei diritti <\/strong><\/p>\n<p>L\u2019interessato pu\u00f2 in ogni momento chiedere e ottenere l\u2019esercizio dei propri diritti, cos\u00ec come previsti dal Regolamento EU sopra citato, contattando il titolare ai recapiti sopra indicati.<\/p>\n<p>In particolare:<\/p>\n<ol>\n<li>L&#8217;interessato ha diritto di ottenere la conferma dell&#8217;esistenza o meno di dati personali che lo riguardano, anche se non ancora registrati, e la loro comunicazione in forma intelligibile. L\u2019interessato ha anche diritto di ottenere dal Titolare la conferma che sia o meno in corso un trattamento di dati personali che lo riguardano e, in tal caso, di ottenere l\u2019accesso ai dati personali.<\/li>\n<li>L&#8217;interessato ha diritto di <strong>accesso<\/strong>, cio\u00e8 ottenere maggiori informazioni sui contenuti di questa informativa, in particolare l&#8217;indicazione:<\/li>\n<\/ol>\n<ol>\n<li style=\"list-style-type: none;\">\n<ul>\n<li>dell&#8217;origine dei dati personali;<\/li>\n<li>delle finalit\u00e0 e modalit\u00e0 del trattamento;<\/li>\n<li>della logica applicata in caso di trattamento effettuato con l&#8217;ausilio di strumenti elettronici;<\/li>\n<li>degli estremi identificativi del titolare e dei responsabili;<\/li>\n<li>dei soggetti o delle categorie di soggetti ai quali i dati personali possono essere comunicati al momento dell\u2019erogazione del servizio.<\/li>\n<\/ul>\n<\/li>\n<\/ol>\n<ol>\n<li>L&#8217;interessato ha diritto di ottenere:<\/li>\n<\/ol>\n<ol>\n<li style=\"list-style-type: none;\">\n<ul>\n<li><strong>l&#8217;aggiornamento, la rettifica<\/strong> dei dati;<\/li>\n<li>la <strong>cancellazione o la limitazione<\/strong> del trattamento dei dati che avvenga in violazione di legge;<\/li>\n<li>la <strong>comunicazione delle variazioni ai terzi<\/strong> ai quali le precedenti informazioni erano state comunicate qualora tale comunicazione non comporti uno sforzo sproporzionato da parte del titolare;<\/li>\n<li>la <strong>portabilit\u00e0<\/strong> dei dati, cio\u00e8 di ricevere, in un formato strutturato, di uso comune e leggibile da un dispositivo automatico, i dati personali che lo riguardano, forniti al Titolare e il diritto di trasmetterli a un altro Titolare senza impedimenti;<\/li>\n<\/ul>\n<\/li>\n<\/ol>\n<ol>\n<li>L&#8217;interessato ha diritto di <strong>opporsi<\/strong>, in tutto o in parte al trattamento dei dati che lo riguardano.<\/li>\n<li>L\u2019interessato ha il diritto di <strong>proporre reclamo all\u2019autorit\u00e0 di controllo<\/strong> (Garante).<\/li>\n<\/ol>\n<h1><a href=\"https:\/\/www.telda.it\/it\/cookies-policy-di-telda-it\/\">Cookie Policy<\/a><\/h1>\n","protected":false},"excerpt":{"rendered":"<p>INFORMATIVA SUL TRATTAMENTO DEI DATI PERSONALI Ai sensi del Regolamento Europeo n. 679\/2016 e del Decreto Legislativo 196\/2003 cos\u00ec come modificato dal Decreto Legislativo 101\/2018 Il Regolamento Europeo n. 679\/2016 GDPR e le leggi di armonizzazione degli Stati Membri, riconoscono ad ogni soggetto la tutela dei propri dati personali che siano oggetto di trattamento da [&hellip;]<\/p>\n","protected":false},"author":1,"featured_media":0,"parent":0,"menu_order":0,"comment_status":"closed","ping_status":"closed","template":"","meta":{"_et_pb_use_builder":"","_et_pb_old_content":"","_et_gb_content_width":"","footnotes":""},"class_list":["post-13164","page","type-page","status-publish","hentry"],"yoast_head":"<!-- This site is optimized with the Yoast SEO plugin v26.5 - https:\/\/yoast.com\/wordpress\/plugins\/seo\/ -->\n<title>Privacy Policy di: telda.it - Telda - Telecom &amp; Data Protection<\/title>\n<meta name=\"robots\" content=\"index, follow, max-snippet:-1, max-image-preview:large, max-video-preview:-1\" \/>\n<link rel=\"canonical\" href=\"https:\/\/www.telda.it\/it\/privacy-policy-di-telda-it\/\" \/>\n<meta property=\"og:locale\" content=\"it_IT\" \/>\n<meta property=\"og:type\" content=\"article\" \/>\n<meta property=\"og:title\" content=\"Privacy Policy di: telda.it - Telda - Telecom &amp; Data Protection\" \/>\n<meta property=\"og:description\" content=\"INFORMATIVA SUL TRATTAMENTO DEI DATI PERSONALI Ai sensi del Regolamento Europeo n. 679\/2016 e del Decreto Legislativo 196\/2003 cos\u00ec come modificato dal Decreto Legislativo 101\/2018 Il Regolamento Europeo n. 679\/2016 GDPR e le leggi di armonizzazione degli Stati Membri, riconoscono ad ogni soggetto la tutela dei propri dati personali che siano oggetto di trattamento da [&hellip;]\" \/>\n<meta property=\"og:url\" content=\"https:\/\/www.telda.it\/it\/privacy-policy-di-telda-it\/\" \/>\n<meta property=\"og:site_name\" content=\"Telda - Telecom &amp; Data Protection\" \/>\n<meta property=\"article:modified_time\" content=\"2022-01-06T14:52:57+00:00\" \/>\n<meta name=\"twitter:card\" content=\"summary_large_image\" \/>\n<meta name=\"twitter:label1\" content=\"Tempo di lettura stimato\" \/>\n\t<meta name=\"twitter:data1\" content=\"8 minuti\" \/>\n<script type=\"application\/ld+json\" class=\"yoast-schema-graph\">{\"@context\":\"https:\/\/schema.org\",\"@graph\":[{\"@type\":\"WebPage\",\"@id\":\"https:\/\/www.telda.it\/it\/privacy-policy-di-telda-it\/\",\"url\":\"https:\/\/www.telda.it\/it\/privacy-policy-di-telda-it\/\",\"name\":\"Privacy Policy di: telda.it - Telda - Telecom &amp; Data Protection\",\"isPartOf\":{\"@id\":\"https:\/\/www.telda.it\/it\/#website\"},\"datePublished\":\"2018-10-03T14:26:57+00:00\",\"dateModified\":\"2022-01-06T14:52:57+00:00\",\"breadcrumb\":{\"@id\":\"https:\/\/www.telda.it\/it\/privacy-policy-di-telda-it\/#breadcrumb\"},\"inLanguage\":\"it-IT\",\"potentialAction\":[{\"@type\":\"ReadAction\",\"target\":[\"https:\/\/www.telda.it\/it\/privacy-policy-di-telda-it\/\"]}]},{\"@type\":\"BreadcrumbList\",\"@id\":\"https:\/\/www.telda.it\/it\/privacy-policy-di-telda-it\/#breadcrumb\",\"itemListElement\":[{\"@type\":\"ListItem\",\"position\":1,\"name\":\"Home\",\"item\":\"https:\/\/www.telda.it\/it\/\"},{\"@type\":\"ListItem\",\"position\":2,\"name\":\"Privacy Policy di: telda.it\"}]},{\"@type\":\"WebSite\",\"@id\":\"https:\/\/www.telda.it\/it\/#website\",\"url\":\"https:\/\/www.telda.it\/it\/\",\"name\":\"Telda - Telecom & Data Protection\",\"description\":\"IT Company\",\"publisher\":{\"@id\":\"https:\/\/www.telda.it\/it\/#organization\"},\"potentialAction\":[{\"@type\":\"SearchAction\",\"target\":{\"@type\":\"EntryPoint\",\"urlTemplate\":\"https:\/\/www.telda.it\/it\/?s={search_term_string}\"},\"query-input\":{\"@type\":\"PropertyValueSpecification\",\"valueRequired\":true,\"valueName\":\"search_term_string\"}}],\"inLanguage\":\"it-IT\"},{\"@type\":\"Organization\",\"@id\":\"https:\/\/www.telda.it\/it\/#organization\",\"name\":\"TELDA\",\"url\":\"https:\/\/www.telda.it\/it\/\",\"logo\":{\"@type\":\"ImageObject\",\"inLanguage\":\"it-IT\",\"@id\":\"https:\/\/www.telda.it\/it\/#\/schema\/logo\/image\/\",\"url\":\"https:\/\/www.telda.it\/it\/wp-content\/uploads\/2019\/03\/logoTeldaT114.png\",\"contentUrl\":\"https:\/\/www.telda.it\/it\/wp-content\/uploads\/2019\/03\/logoTeldaT114.png\",\"width\":114,\"height\":114,\"caption\":\"TELDA\"},\"image\":{\"@id\":\"https:\/\/www.telda.it\/it\/#\/schema\/logo\/image\/\"},\"sameAs\":[\"https:\/\/www.instagram.com\/telda_it\"]}]}<\/script>\n<!-- \/ Yoast SEO plugin. -->","yoast_head_json":{"title":"Privacy Policy di: telda.it - Telda - Telecom &amp; Data Protection","robots":{"index":"index","follow":"follow","max-snippet":"max-snippet:-1","max-image-preview":"max-image-preview:large","max-video-preview":"max-video-preview:-1"},"canonical":"https:\/\/www.telda.it\/it\/privacy-policy-di-telda-it\/","og_locale":"it_IT","og_type":"article","og_title":"Privacy Policy di: telda.it - Telda - Telecom &amp; Data Protection","og_description":"INFORMATIVA SUL TRATTAMENTO DEI DATI PERSONALI Ai sensi del Regolamento Europeo n. 679\/2016 e del Decreto Legislativo 196\/2003 cos\u00ec come modificato dal Decreto Legislativo 101\/2018 Il Regolamento Europeo n. 679\/2016 GDPR e le leggi di armonizzazione degli Stati Membri, riconoscono ad ogni soggetto la tutela dei propri dati personali che siano oggetto di trattamento da [&hellip;]","og_url":"https:\/\/www.telda.it\/it\/privacy-policy-di-telda-it\/","og_site_name":"Telda - Telecom &amp; Data Protection","article_modified_time":"2022-01-06T14:52:57+00:00","twitter_card":"summary_large_image","twitter_misc":{"Tempo di lettura stimato":"8 minuti"},"schema":{"@context":"https:\/\/schema.org","@graph":[{"@type":"WebPage","@id":"https:\/\/www.telda.it\/it\/privacy-policy-di-telda-it\/","url":"https:\/\/www.telda.it\/it\/privacy-policy-di-telda-it\/","name":"Privacy Policy di: telda.it - Telda - Telecom &amp; Data Protection","isPartOf":{"@id":"https:\/\/www.telda.it\/it\/#website"},"datePublished":"2018-10-03T14:26:57+00:00","dateModified":"2022-01-06T14:52:57+00:00","breadcrumb":{"@id":"https:\/\/www.telda.it\/it\/privacy-policy-di-telda-it\/#breadcrumb"},"inLanguage":"it-IT","potentialAction":[{"@type":"ReadAction","target":["https:\/\/www.telda.it\/it\/privacy-policy-di-telda-it\/"]}]},{"@type":"BreadcrumbList","@id":"https:\/\/www.telda.it\/it\/privacy-policy-di-telda-it\/#breadcrumb","itemListElement":[{"@type":"ListItem","position":1,"name":"Home","item":"https:\/\/www.telda.it\/it\/"},{"@type":"ListItem","position":2,"name":"Privacy Policy di: telda.it"}]},{"@type":"WebSite","@id":"https:\/\/www.telda.it\/it\/#website","url":"https:\/\/www.telda.it\/it\/","name":"Telda - Telecom & Data Protection","description":"IT Company","publisher":{"@id":"https:\/\/www.telda.it\/it\/#organization"},"potentialAction":[{"@type":"SearchAction","target":{"@type":"EntryPoint","urlTemplate":"https:\/\/www.telda.it\/it\/?s={search_term_string}"},"query-input":{"@type":"PropertyValueSpecification","valueRequired":true,"valueName":"search_term_string"}}],"inLanguage":"it-IT"},{"@type":"Organization","@id":"https:\/\/www.telda.it\/it\/#organization","name":"TELDA","url":"https:\/\/www.telda.it\/it\/","logo":{"@type":"ImageObject","inLanguage":"it-IT","@id":"https:\/\/www.telda.it\/it\/#\/schema\/logo\/image\/","url":"https:\/\/www.telda.it\/it\/wp-content\/uploads\/2019\/03\/logoTeldaT114.png","contentUrl":"https:\/\/www.telda.it\/it\/wp-content\/uploads\/2019\/03\/logoTeldaT114.png","width":114,"height":114,"caption":"TELDA"},"image":{"@id":"https:\/\/www.telda.it\/it\/#\/schema\/logo\/image\/"},"sameAs":["https:\/\/www.instagram.com\/telda_it"]}]}},"_links":{"self":[{"href":"https:\/\/www.telda.it\/it\/wp-json\/wp\/v2\/pages\/13164","targetHints":{"allow":["GET"]}}],"collection":[{"href":"https:\/\/www.telda.it\/it\/wp-json\/wp\/v2\/pages"}],"about":[{"href":"https:\/\/www.telda.it\/it\/wp-json\/wp\/v2\/types\/page"}],"author":[{"embeddable":true,"href":"https:\/\/www.telda.it\/it\/wp-json\/wp\/v2\/users\/1"}],"replies":[{"embeddable":true,"href":"https:\/\/www.telda.it\/it\/wp-json\/wp\/v2\/comments?post=13164"}],"version-history":[{"count":9,"href":"https:\/\/www.telda.it\/it\/wp-json\/wp\/v2\/pages\/13164\/revisions"}],"predecessor-version":[{"id":13952,"href":"https:\/\/www.telda.it\/it\/wp-json\/wp\/v2\/pages\/13164\/revisions\/13952"}],"wp:attachment":[{"href":"https:\/\/www.telda.it\/it\/wp-json\/wp\/v2\/media?parent=13164"}],"curies":[{"name":"wp","href":"https:\/\/api.w.org\/{rel}","templated":true}]}}